{"id":56,"date":"2017-12-12T10:55:12","date_gmt":"2017-12-12T14:55:12","guid":{"rendered":"http:\/\/ayuntamiento.guineo\/transparencia\/?page_id=56"},"modified":"2022-10-10T12:35:42","modified_gmt":"2022-10-10T16:35:42","slug":"derechos-de-los-ciudadanos","status":"publish","type":"page","link":"https:\/\/avpc.gob.do\/transparencia\/derechos-de-los-ciudadanos\/","title":{"rendered":"Derecho y Obligaciones del Gobierno Local y de Los Ciudadanos"},"content":{"rendered":"\n\n\n<p>El\u00a0 Estado\u00a0 dominicano da\u00a0 garant\u00edas\u00a0 del\u00a0 derecho\u00a0 fundamental\u00a0 que\u00a0 tienen\u00a0 los y las ciudadanas a recibir informaci\u00f3n\u00a0 de\u00a0 inter\u00e9s\u00a0 p\u00fablico,\u00a0 amparado en los siguientes art\u00edculos de la Carta Magna y la Ley 200-04:<\/p>\n<p>-Art. 49 Constituci\u00f3n 2010, de la Rep\u00fablica Dominicana. Toda persona\u00a0 tiene derecho\u00a0 a\u00a0 la\u00a0 informaci\u00f3n.\u00a0 Este derecho\u00a0 comprende\u00a0 buscar,\u00a0 investigar,\u00a0 recibir y difundir informaci\u00f3n de todo tipo, de car\u00e1cter p\u00fablico, por cualquier medio, canal o v\u00eda.<\/p>\n<p>-Art. 1 Ley General 200-04 sobre Libre Acceso a la Informaci\u00f3n P\u00fablica. Toda persona tiene derecho a solicitar y a recibir informaci\u00f3n completa, veraz,\u00a0 adecuada y oportuna, de cualquier \u00f3rgano del Estado Dominicano, y de todas las sociedades an\u00f3nimas, compa\u00f1\u00edas an\u00f3nimas\u00a0 o compa\u00f1\u00edas por acciones con participaci\u00f3n estatal.<\/p>\n<h3><strong>Todo ciudadano(a) tiene derecho a:<\/strong><\/h3>\n<p><strong>Solicitar y recibir informaci\u00f3n<\/strong><\/p>\n<p>Completa, veraz, adecuada y oportuna, de cualquier instituci\u00f3n p\u00fablica.<\/p>\n<p><strong>Acceder a informaci\u00f3n<\/strong><\/p>\n<p>Contenida en actas y expedientes de cualquier instituci\u00f3n p\u00fablica, as\u00ed como estar informado peri\u00f3dicamente, cuando\u00a0 lo\u00a0 requiera,\u00a0 de\u00a0 las\u00a0 actividades que desarrollan entidades y personas que cumplen funciones en la instituci\u00f3n.<\/p>\n<p><strong>Buscar, solicitar, recibir y difundir informaci\u00f3n<\/strong><\/p>\n<p>Perteneciente\u00a0 de\u00a0 cualquier\u00a0 instituci\u00f3n p\u00fablica, y de formular consultas a las entidades y personas que cumplan funciones en la misma y obtener copia de los documentos que recopilen informaci\u00f3n sobre el ejercicio de las actividades de su competencia.<\/p>\n<p><strong>Recibir la informaci\u00f3n, sencilla y accesible<\/strong><\/p>\n<p>Sobre los tr\u00e1mites y procedimientos necesarios para agotar la solicitud de las informaciones que requieran, solicitar\u00a0 orientaci\u00f3n\u00a0 o\u00a0 formular\u00a0 quejas,\u00a0 consultas\u00a0 o\u00a0 reclamos sobre la prestaci\u00f3n del servicio o sobre el ejercicio de las funciones o competencias a cargo de la entidad o persona de que se trate.<\/p>\n<p><strong>Recibir la informaci\u00f3n en el tiempo establecido<\/strong><\/p>\n<p>En el formato existente y por la v\u00eda acordada en el formulario de solicitud.<\/p>\n<p><strong>Acceder a la informaci\u00f3n de forma gratuita<\/strong><\/p>\n<p>En\u00a0 tanto\u00a0 no requiera la reproducci\u00f3n de la misma. Ser notificado oportunamente y por escrito sobre limitaciones y excepciones para hacer disponible la informaci\u00f3n solicitada y el fundamento legal de la denegatoria.<\/p>\n<p><strong>Recurrir a las autoridades jer\u00e1rquicas<\/strong><\/p>\n<p>Superiores del ente u \u00f3rgano de que se trate, a fin de resolver de forma definitiva la denegaci\u00f3n de la informaci\u00f3n solicitada, cuando \u00e9sta se debe a razones de reserva o confidencialidad o cuando no est\u00e9 conforme con la decisi\u00f3n adoptada.<\/p>\n<p><strong>Obtener un recurso de amparo<\/strong><\/p>\n<p>Ante el Tribunal Contencioso Administrativo en los casos en que el organismo o la persona a quien se haya solicitado\u00a0 la\u00a0 informaci\u00f3n, no ofrezca \u00e9sta en el tiempo establecido para ello o, cuando el \u00f3rgano superior jer\u00e1rquico no fallare el recurso interpuesto en el tiempo establecido.<\/p>\n<p>En cumplimiento a la Ley 200-04 y el Decreto 130-05, el acceso a la informaci\u00f3n se har\u00e1 efectivo siempre y cuando\u00a0 no\u00a0 afecte\u00a0 la\u00a0 seguridad\u00a0 nacional,\u00a0 el\u00a0 orden\u00a0 p\u00fablico, la salud o la moral p\u00fablica o el derecho a la privacidad e intimidad de un tercero o el derecho a la reputaci\u00f3n de los dem\u00e1s.<\/p>\n","protected":false},"excerpt":{"rendered":"El\u00a0 Estado\u00a0 dominicano da\u00a0 garant\u00edas\u00a0 del\u00a0 derecho\u00a0 fundamental\u00a0 que\u00a0 tienen\u00a0 los y las ciudadanas a recibir informaci\u00f3n\u00a0 de\u00a0 inter\u00e9s\u00a0 p\u00fablico,\u00a0 amparado en los siguientes art\u00edculos de la Carta Magna y la Ley 200-04: -Art. 49 Constituci\u00f3n 2010, de la Rep\u00fablica Dominicana. Toda persona\u00a0 tiene derecho\u00a0 a\u00a0 la\u00a0 informaci\u00f3n.\u00a0 Este derecho\u00a0 comprende\u00a0 buscar,\u00a0 investigar,\u00a0 recibir y&#8230;","protected":false},"author":5,"featured_media":0,"parent":0,"menu_order":0,"comment_status":"closed","ping_status":"closed","template":"","meta":[],"acf":[],"_links":{"self":[{"href":"https:\/\/avpc.gob.do\/transparencia\/wp-json\/wp\/v2\/pages\/56"}],"collection":[{"href":"https:\/\/avpc.gob.do\/transparencia\/wp-json\/wp\/v2\/pages"}],"about":[{"href":"https:\/\/avpc.gob.do\/transparencia\/wp-json\/wp\/v2\/types\/page"}],"author":[{"embeddable":true,"href":"https:\/\/avpc.gob.do\/transparencia\/wp-json\/wp\/v2\/users\/5"}],"replies":[{"embeddable":true,"href":"https:\/\/avpc.gob.do\/transparencia\/wp-json\/wp\/v2\/comments?post=56"}],"version-history":[{"count":3,"href":"https:\/\/avpc.gob.do\/transparencia\/wp-json\/wp\/v2\/pages\/56\/revisions"}],"predecessor-version":[{"id":638,"href":"https:\/\/avpc.gob.do\/transparencia\/wp-json\/wp\/v2\/pages\/56\/revisions\/638"}],"wp:attachment":[{"href":"https:\/\/avpc.gob.do\/transparencia\/wp-json\/wp\/v2\/media?parent=56"}],"curies":[{"name":"wp","href":"https:\/\/api.w.org\/{rel}","templated":true}]}}